{"id":5998,"date":"2021-04-06T17:22:48","date_gmt":"2021-04-06T15:22:48","guid":{"rendered":"https:\/\/in-love-with-cats.com\/?page_id=5998"},"modified":"2024-03-15T15:18:04","modified_gmt":"2024-03-15T14:18:04","slug":"startseite","status":"publish","type":"page","link":"https:\/\/in-love-with-cats.com\/de\/","title":{"rendered":"Startseite"},"content":{"rendered":"<div class=\"wpb-content-wrapper\"><p>[vc_row][vc_column]<div class=\"qodef-shortcode qodef-m  qodef-blog qodef-item-layout--info-on-image  qodef-category-enabled  qodef-info-vertical-align--bottom     qodef-auto-width-slider qodef-grid qodef-swiper-container  qodef-gutter--tiny qodef-col-num--3 qodef-item-layout--info-on-image qodef--no-bottom-space qodef-pagination--off qodef-responsive--custom qodef-col-num--1440--2 qodef-col-num--1366--2 qodef-col-num--1024--2 qodef-col-num--768--1 qodef-col-num--680--1 qodef-col-num--480--1\" data-options=\"{&quot;slidesPerView&quot;:&quot;auto&quot;,&quot;centeredSlides&quot;:true,&quot;spaceBetween&quot;:10,&quot;loop&quot;:true,&quot;autoplay&quot;:true,&quot;speed&quot;:&quot;3500&quot;,&quot;speedAnimation&quot;:&quot;&quot;,&quot;customStages&quot;:true,&quot;slidesPerView1440&quot;:&quot;2&quot;,&quot;slidesPerView1366&quot;:&quot;2&quot;,&quot;slidesPerView1024&quot;:&quot;2&quot;,&quot;slidesPerView768&quot;:&quot;1&quot;,&quot;slidesPerView680&quot;:&quot;1&quot;,&quot;slidesPerView480&quot;:&quot;1&quot;}\">\r\n\t<div class=\"swiper-wrapper\">\r\n\t\t<article class=\"qodef-e qodef-blog-item swiper-slide qodef-item--custom post-7800 post type-post status-publish format-standard has-post-thumbnail hentry category-allgemein\" >\r\n\t<div class=\"qodef-e-inner\">\r\n\r\n\t\t<div class=\"qodef-e-content\">\r\n\r\n            <div class=\"qodef-e-media\">\r\n\t\r\n\t<div class=\"qodef-e-media-image\">\r\n\t\t<a itemprop=\"url\" href=\"https:\/\/in-love-with-cats.com\/de\/katzenblog-in-love-with-cats-geht-an-den-start\/\">\r\n            \t\t\t    <img loading=\"lazy\" decoding=\"async\" src=\"https:\/\/in-love-with-cats.com\/wp-content\/uploads\/2024\/04\/ILWC_Start_Banner_DE-1024x576.jpg\" alt=\"ILWC Logo umgeben von Blumen und Aufschrift Katzen Blog In Love with Cats geht an den Start\" width=\"1024\" height=\"576\" data-ratio=\"1.7777777777778\" srcset=\"https:\/\/in-love-with-cats.com\/wp-content\/uploads\/2024\/04\/ILWC_Start_Banner_DE-1024x576.jpg 1024w, https:\/\/in-love-with-cats.com\/wp-content\/uploads\/2024\/04\/ILWC_Start_Banner_DE-300x169.jpg 300w, https:\/\/in-love-with-cats.com\/wp-content\/uploads\/2024\/04\/ILWC_Start_Banner_DE-768x432.jpg 768w, https:\/\/in-love-with-cats.com\/wp-content\/uploads\/2024\/04\/ILWC_Start_Banner_DE-1536x864.jpg 1536w, https:\/\/in-love-with-cats.com\/wp-content\/uploads\/2024\/04\/ILWC_Start_Banner_DE.jpg 1920w\" sizes=\"auto, (max-width: 1024px) 100vw, 1024px\" \/>            \t\t<\/a>\r\n\t<\/div>\r\n<\/div>\r\n\r\n\t\t\t<div class=\"qodef-e-info\">\r\n\t\t\t\t<div class=\"qodef-e-info-item qodef-e-info-category\">\r\n\t<a href=\"https:\/\/in-love-with-cats.com\/de\/category\/allgemein\/\" rel=\"category tag\">Allgemein<\/a><\/div>\r\n<h1 itemprop=\"name\" class=\"qodef-e-title entry-title\" >\r\n\t<a itemprop=\"url\" class=\"qodef-e-title-link\" href=\"https:\/\/in-love-with-cats.com\/de\/katzenblog-in-love-with-cats-geht-an-den-start\/\">\r\n\t\tKatzenblog \u201cIn Love with Cats\u201d geht an den Start!\t<\/a>\r\n<\/h1>\r\n<div itemprop=\"dateCreated\" class=\"qodef-e-info-item qodef-e-info-date entry-date \">\r\n\t<a itemprop=\"url\" href=\"https:\/\/in-love-with-cats.com\/de\/2024\/04\/\">\r\n\t\t18. April 2024\t<\/a>\r\n<\/div>\r\n<div class=\"qodef-e-info-item qodef-e-info-author\">\r\n    <span class=\"qodef-e-info-author-label\">By<\/span>\r\n\t<a itemprop=\"author\" class=\"qodef-e-info-author-link\" href=\"https:\/\/in-love-with-cats.com\/de\/author\/larissa\/\">\r\n\t\tLarissa\t<\/a>\r\n<\/div>\r\n\t\t\t<\/div>\r\n\t\t<\/div>\r\n\t<\/div>\r\n<\/article>\r\n\t<\/div>\r\n\t\t    <div class=\"swiper-pagination\"><\/div>\r\n<\/div>\r\n[\/vc_column][\/vc_row][vc_row row_content_width=&#8220;grid&#8220; css=&#8220;.vc_custom_1708447683824{margin-bottom: 125px !important;}&#8220;][vc_column][vc_row_inner css=&#8220;.vc_custom_1708434319517{margin-bottom: 25px !important;}&#8220;][vc_column_inner][vc_column_text]<\/p>\n<h3 style=\"text-align: center;\">Willkommen bei &#8222;In Love With Cats&#8220;,<\/h3>\n<h4 style=\"text-align: center;\">dem perfekten Blog f\u00fcr alle Katzenliebhaber!<\/h4>\n<p>[\/vc_column_text][\/vc_column_inner][\/vc_row_inner][vc_row_inner content_placement=&#8220;middle&#8220;][vc_column_inner width=&#8220;2\/3&#8243; css=&#8220;.vc_custom_1708511018457{padding-top: 25px !important;padding-right: 25px !important;padding-bottom: 25px !important;padding-left: 25px !important;background-color: #e4cdb0 !important;border-radius: 10px !important;}&#8220;][vc_column_text css_animation=&#8220;none&#8220;]Mein Name ist Larissa, und ich bin Texterin, Tier\u00e4rztin und gl\u00fcckliche Katzenbesitzerin.<br \/>\nIch liebe es, meine Begeisterung f\u00fcr Tiere mit anderen zu teilen und ihnen dabei zu helfen, ein sch\u00f6nes und zufriedenes Zusammenleben mit ihren geliebten Samtpfoten zu gestalten. Aus diesem Grund habe ich diesen Blog gestartet, um mein Wissen, meine Erfahrung und meine Begeisterung auszuleben und zu teilen.[\/vc_column_text][\/vc_column_inner][vc_column_inner width=&#8220;1\/3&#8243; offset=&#8220;vc_hidden-xs&#8220;][vc_single_image image=&#8220;6684&#8243; img_size=&#8220;375&#215;250&#8243; alignment=&#8220;center&#8220; style=&#8220;vc_box_rounded&#8220; css_animation=&#8220;fadeInRight&#8220; el_class=&#8220;d4-ilwc-image-border&#8220;][\/vc_column_inner][\/vc_row_inner][vc_empty_space height=&#8220;25px&#8220;][vc_row_inner content_placement=&#8220;middle&#8220;][vc_column_inner width=&#8220;1\/3&#8243; offset=&#8220;vc_hidden-xs&#8220;][vc_single_image image=&#8220;6692&#8243; img_size=&#8220;375&#215;250&#8243; alignment=&#8220;center&#8220; style=&#8220;vc_box_rounded&#8220; css_animation=&#8220;fadeInLeft&#8220; el_class=&#8220;d4-ilwc-image-border&#8220;][\/vc_column_inner][vc_column_inner width=&#8220;2\/3&#8243; css=&#8220;.vc_custom_1708510205231{padding-top: 25px !important;padding-right: 25px !important;padding-bottom: 25px !important;padding-left: 25px !important;background-color: #e4cdb0 !important;border-radius: 10px !important;}&#8220;][vc_column_text css_animation=&#8220;none&#8220;]Von praktischen Tipps zur Katzenhaltung bis hin zu fundierten Informationen zur Gesundheit und spannenden Einblicken in das Katzenverhalten &#8211; dieser Blog ist ein Schatzk\u00e4stchen f\u00fcr alle, die ihre Beziehung zu ihren Samtpfoten vertiefen und mehr \u00fcber diese geheimnisvollen Wesen erfahren m\u00f6chten.[\/vc_column_text][\/vc_column_inner][\/vc_row_inner][\/vc_column][\/vc_row][vc_row row_content_width=&#8220;grid&#8220;][vc_column css_animation=&#8220;fadeInDown&#8220;][vc_column_text]<\/p>\n<h2 style=\"text-align: center; margin-bottom: -50px;\">Welche Themen und Inhalte behandelt dieser Katzenblog?<\/h2>\n<p>[\/vc_column_text][\/vc_column][\/vc_row][vc_row full_width=&#8220;stretch_row&#8220; el_class=&#8220;d4-ilwc-home-cat-cards&#8220; css=&#8220;.vc_custom_1708447566989{margin-bottom: 125px !important;}&#8220;][vc_column css_animation=&#8220;slideInLeft&#8220; width=&#8220;1\/3&#8243; offset=&#8220;vc_hidden-sm vc_hidden-xs&#8220;][vc_hoverbox image=&#8220;6205&#8243; primary_title=&#8220;Katzenhaltung&#8220; hover_title=&#8220;Katzenhaltung&#8220; hover_background_color=&#8220;custom&#8220; el_class=&#8220;d4-ilwc-hover-box-title&#8220; hover_custom_background=&#8220;#e4cdb0&#8243; el_id=&#8220;d4-ilwc-startseite-katzenhaltung&#8220;]Erfahre, wie du das Zuhause deiner Katze in eine wahre Wohlf\u00fchloase verwandelst. Von Einrichtungstipps \u00fcber Katzentoilettenmanagement bis hin zur Einrichtung eines Katzenspielplatzes &#8211; hier findest du alles, was du brauchst, um deiner Katze ein gl\u00fcckliches und erf\u00fclltes Leben zu erm\u00f6glichen.[\/vc_hoverbox][\/vc_column][vc_column css_animation=&#8220;slideInUp&#8220; width=&#8220;1\/3&#8243; css=&#8220;.vc_custom_1710242835641{margin-top: 150px !important;}&#8220; offset=&#8220;vc_hidden-sm vc_hidden-xs&#8220;][vc_hoverbox image=&#8220;6689&#8243; primary_title=&#8220;Gesundheit&#8220; hover_title=&#8220;Gesundheit&#8220; hover_background_color=&#8220;custom&#8220; el_class=&#8220;d4-ilwc-hover-box-title&#8220; hover_custom_background=&#8220;#e4cdb0&#8243; el_id=&#8220;d4-ilwc-startseite-gesundheit&#8220;]Die Gesundheit deiner Katze liegt mir am Herzen. Entdecke praktische Ratschl\u00e4ge zur richtigen Ern\u00e4hrung, Vorsorgema\u00dfnahmen zur Vorbeugung von Krankheiten und Informationen zu h\u00e4ufigen Gesundheitsproblemen bei Katzen. Gemeinsam sorgen wir daf\u00fcr, dass Deine Samtpfote ein gesundes und vitales Leben f\u00fchren kann.[\/vc_hoverbox][\/vc_column][vc_column css_animation=&#8220;slideInRight&#8220; width=&#8220;1\/3&#8243; offset=&#8220;vc_hidden-sm vc_hidden-xs&#8220;][vc_hoverbox image=&#8220;6207&#8243; primary_title=&#8220;Verhalten&#8220; hover_title=&#8220;Verhalten&#8220; hover_background_color=&#8220;custom&#8220; el_class=&#8220;d4-ilwc-hover-box-title&#8220; hover_custom_background=&#8220;#e4cdb0&#8243; el_id=&#8220;d4-ilwc-startseite-verhalten&#8220;]Das Verhalten von Katzen ist vielschichtig und faszinierend. Hier erf\u00e4hrst du, warum Katzen sich so verhalten, wie sie es tun, und wie du am besten mit ihnen kommunizieren kannst. Von der Deutung von K\u00f6rpersprache bis hin zur L\u00f6sung von Verhaltensproblemen &#8211; lerne deine Katze besser zu verstehen und eure Bindung zu vertiefen.[\/vc_hoverbox][\/vc_column][\/vc_row][vc_row el_class=&#8220;d4-ilwc-home-cat-cards&#8220; css=&#8220;.vc_custom_1710241819054{margin-right: 10px !important;margin-bottom: 125px !important;margin-left: 10px !important;}&#8220;][vc_column css_animation=&#8220;slideInLeft&#8220; offset=&#8220;vc_hidden-lg vc_hidden-md&#8220;][vc_column_text css_animation=&#8220;slideInLeft&#8220; el_id=&#8220;d4-ilwc-home-cat-care&#8220; css=&#8220;.vc_custom_1710243291920{padding-top: 15px !important;padding-right: 15px !important;padding-bottom: 15px !important;padding-left: 15px !important;background-color: #e4cdb0 !important;border-radius: 10px !important;}&#8220;]<\/p>\n<h2 style=\"text-align: center;\">Katzenhaltung<\/h2>\n<p>Erfahre, wie du das Zuhause deiner Katze in eine wahre Wohlf\u00fchloase verwandelst. Von Einrichtungstipps \u00fcber Katzentoilettenmanagement bis hin zur Einrichtung eines Katzenspielplatzes &#8211; hier findest du alles, was du brauchst, um deiner Katze ein gl\u00fcckliches und erf\u00fclltes Leben zu erm\u00f6glichen.[\/vc_column_text][vc_empty_space height=&#8220;25px&#8220;][vc_column_text css_animation=&#8220;slideInRight&#8220; el_id=&#8220;d4-ilwc-home-health&#8220; css=&#8220;.vc_custom_1710243384333{padding-top: 15px !important;padding-right: 15px !important;padding-bottom: 15px !important;padding-left: 15px !important;background-color: #e4cdb0 !important;border-radius: 10px !important;}&#8220;]<\/p>\n<h2 style=\"text-align: center;\">Gesundheit<\/h2>\n<p>Die Gesundheit deiner Katze liegt mir am Herzen. Entdecke praktische Ratschl\u00e4ge zur richtigen Ern\u00e4hrung, Vorsorgema\u00dfnahmen zur Vorbeugung von Krankheiten und Informationen zu h\u00e4ufigen Gesundheitsproblemen bei Katzen. Gemeinsam sorgen wir daf\u00fcr, dass Deine Samtpfote ein gesundes und vitales Leben f\u00fchren kann.[\/vc_column_text][vc_empty_space height=&#8220;25px&#8220;][vc_column_text css_animation=&#8220;slideInLeft&#8220; el_id=&#8220;d4-ilwc-home-cat-care&#8220; css=&#8220;.vc_custom_1710243443354{padding-top: 15px !important;padding-right: 15px !important;padding-bottom: 15px !important;padding-left: 15px !important;background-color: #e4cdb0 !important;border-radius: 10px !important;}&#8220;]<\/p>\n<h2 style=\"text-align: center;\">Verhalten<\/h2>\n<p>Das Verhalten von Katzen ist vielschichtig und faszinierend. Hier erf\u00e4hrst du, warum Katzen sich so verhalten, wie sie es tun, und wie du am besten mit ihnen kommunizieren kannst. Von der Deutung von K\u00f6rpersprache bis hin zur L\u00f6sung von Verhaltensproblemen &#8211; lerne deine Katze besser zu verstehen und eure Bindung zu vertiefen.[\/vc_column_text][\/vc_column][\/vc_row][vc_row css_animation=&#8220;none&#8220; row_content_width=&#8220;grid&#8220; css=&#8220;.vc_custom_1709733749125{margin-bottom: 65px !important;padding-top: 15px !important;padding-right: 25px !important;padding-bottom: 15px !important;padding-left: 25px !important;background-color: #e4cdb0 !important;border-radius: 20px !important;}&#8220;][vc_column][vc_row_inner][vc_column_inner][vc_column_text]<\/p>\n<h2 style=\"text-align: center;\">Das erwartet Dich in diesem Blog \u00fcber Katzen<\/h2>\n<p>[\/vc_column_text][\/vc_column_inner][\/vc_row_inner][vc_row_inner][vc_column_inner width=&#8220;1\/3&#8243; offset=&#8220;vc_hidden-xs&#8220;][vc_single_image image=&#8220;6591&#8243; img_size=&#8220;full&#8220; alignment=&#8220;center&#8220; el_class=&#8220;d4-ilwc-cat-picture-homepage-border&#8220;][\/vc_column_inner][vc_column_inner width=&#8220;2\/3&#8243;][vc_column_text]Neben diesen Themen findest Du auch interessante Fakten \u00fcber unsere mysteri\u00f6sen felinen Gef\u00e4hrten, von denen auch katzenfans (und -fanatiker) sicher auch noch nicht geh\u00f6rt haben. Au\u00dferdem findest du hier auch Testberichte zu verschiedenen Katzenprodukten, damit du die besten Produkte f\u00fcr das Zusammenleben mit deiner Katze finden kannst.<\/p>\n<p>&nbsp;<\/p>\n<p>Dabei findet ihr nicht nur kurze unterhaltsame Zusammenstellungen von den klassischen \u201eTipps und Tricks\u201c sondern auch l\u00e4ngere \u201eAbhandlungen\u201c von gr\u00f6\u00dferen Themen und die Ergebnisse von meinen Recherchen \u201eaus Interesse\u201c, die mich in ziemlich tiefe Kaninchenl\u00f6cher gef\u00fchrt haben.<\/p>\n<p>&nbsp;<\/p>\n<p>Deshalb lasse ich bei meinen Blogartikeln viel Infos, sondern auch verst\u00e4ndliche Erkl\u00e4rungen und pers\u00f6nliche Erlebnisse und Erfahrungen miteinflie\u00dfen. Meine Artikel sind deshalb nicht nur randvoll mit Informationen, sondern bieten auch verst\u00e4ndliche Erkl\u00e4rungen und pers\u00f6nliche Anekdoten, die das Band zwischen Mensch und Katze noch enger kn\u00fcpfen.<\/p>\n<p>&nbsp;<\/p>\n<p>Au\u00dferdem widme ich mich dem Thema Katzen-Training und zeige auf, wie du die Intelligenz und Neugierde deiner Katze f\u00f6rdern kannst, egal ob sie eine Wohnungskatze oder Freig\u00e4nger ist. Ich zeige dir, wie du den Alltag f\u00fcr deine Katze spannend gestalten kannst und ihr ein erf\u00fclltes und gl\u00fcckliches Leben erm\u00f6glichen kannst.[\/vc_column_text][\/vc_column_inner][\/vc_row_inner][\/vc_column][\/vc_row][vc_row row_content_width=&#8220;grid&#8220; css=&#8220;.vc_custom_1709733931568{margin-top: 75px !important;}&#8220;][vc_column width=&#8220;1\/4&#8243;][\/vc_column][vc_column css_animation=&#8220;fadeIn&#8220; width=&#8220;1\/2&#8243; css=&#8220;.vc_custom_1708685953455{padding-top: 50px !important;padding-right: 50px !important;padding-bottom: 50px !important;padding-left: 50px !important;background-color: #e4cdb0 !important;border-radius: 10px !important;}&#8220;][vc_column_text]<\/p>\n<h3 style=\"text-align: center;\">Der Katzenblog f\u00fcr alle Katzenliebhaber<\/h3>\n<p>[\/vc_column_text][vc_column_text]Dieser Blog richtet sich an alle Katzenliebhaber, ob erfahrene Katzenbesitzer, frischgebackene Katzeneltern oder einfach nur Menschen, die die faszinierende Welt der Katzen entdecken m\u00f6chten.<\/p>\n<p>Egal, ob du Rat suchst, deine Liebe zu Katzen teilen m\u00f6chtest oder einfach nur etwas Neues \u00fcber diese wundervollen Gesch\u00f6pfe lernen willst &#8211; bei &#8222;In Love With Cats&#8220; bist du genau richtig.<\/p>\n<p><strong>Erweitere dein Wissen \u00fcber Katzen und entdecke neue M\u00f6glichkeiten und praktische Ratschl\u00e4ge f\u00fcr ein harmonisches Zusammenleben mit deinen Samtpfoten!<\/strong>[\/vc_column_text][vc_btn title=&#8220;Lerne mehr in diesem Blog!&#8220; style=&#8220;flat&#8220; size=&#8220;lg&#8220; align=&#8220;center&#8220; i_icon_fontawesome=&#8220;fas fa-arrow-right&#8220; css_animation=&#8220;fadeInUp&#8220; button_block=&#8220;true&#8220; add_icon=&#8220;true&#8220; link=&#8220;url:https%3A%2F%2Fin-love-with-cats.com%2Fde%2Fblog%2F&#8220; el_class=&#8220;d4-ilwc-blog-direct-button&#8220;][\/vc_column][vc_column width=&#8220;1\/4&#8243;][\/vc_column][\/vc_row][vc_row css=&#8220;.vc_custom_1708443932601{margin-top: 50px !important;margin-bottom: 50px !important;}&#8220;][vc_column]<div class=\"qodef-shortcode qodef-m  qodef-separator clear qodef-position--center\">\r\n\t<div class=\"qodef-m-line\" ><\/div>\r\n<\/div>\r\n[\/vc_column][\/vc_row][vc_row row_content_width=&#8220;grid&#8220; css=&#8220;.vc_custom_1710435673635{margin-bottom: 50px !important;}&#8220;][vc_column width=&#8220;3\/4&#8243; css=&#8220;.vc_custom_1700486528035{margin-right: 25px !important;}&#8220;]<div class=\"qodef-shortcode qodef-m  qodef-blog qodef--list qodef-item-layout--standard      qodef-category-lines-animation--enabled   qodef-grid qodef-layout--columns  qodef-gutter--extra-large qodef-col-num--1 qodef-item-layout--standard qodef-pagination--on qodef-pagination-type--standard qodef-responsive--custom qodef-col-num--1440--1 qodef-col-num--1366--1 qodef-col-num--1024--1 qodef-col-num--768--1 qodef-col-num--680--1 qodef-col-num--480--1\" data-options=\"{&quot;plugin&quot;:&quot;zoya_core&quot;,&quot;module&quot;:&quot;blog\\\/shortcodes&quot;,&quot;shortcode&quot;:&quot;blog-list&quot;,&quot;post_type&quot;:&quot;post&quot;,&quot;next_page&quot;:&quot;2&quot;,&quot;max_pages_num&quot;:1,&quot;behavior&quot;:&quot;columns&quot;,&quot;images_proportion&quot;:&quot;full&quot;,&quot;columns&quot;:&quot;1&quot;,&quot;columns_responsive&quot;:&quot;custom&quot;,&quot;columns_1440&quot;:&quot;1&quot;,&quot;columns_1366&quot;:&quot;1&quot;,&quot;columns_1024&quot;:&quot;1&quot;,&quot;columns_768&quot;:&quot;1&quot;,&quot;columns_680&quot;:&quot;1&quot;,&quot;columns_480&quot;:&quot;1&quot;,&quot;space&quot;:&quot;extra-large&quot;,&quot;slider_fade_effect&quot;:&quot;no&quot;,&quot;posts_per_page&quot;:&quot;6&quot;,&quot;orderby&quot;:&quot;date&quot;,&quot;order&quot;:&quot;ASC&quot;,&quot;layout&quot;:&quot;standard&quot;,&quot;title_tag&quot;:&quot;h2&quot;,&quot;excerpt_length&quot;:&quot;462&quot;,&quot;enable_hover_animation&quot;:&quot;no&quot;,&quot;enable_category_lines_animation&quot;:&quot;yes&quot;,&quot;enable_into_title_lines_animation&quot;:&quot;no&quot;,&quot;enable_image_appear_animation&quot;:&quot;no&quot;,&quot;pagination_type&quot;:&quot;standard&quot;,&quot;object_class_name&quot;:&quot;ZoyaCore_Blog_List_Shortcode&quot;,&quot;taxonomy_filter&quot;:&quot;category&quot;,&quot;additional_query_args&quot;:[],&quot;space_value&quot;:0}\">\r\n\t\r\n    \r\n\t<div class=\"qodef-grid-inner clear\">\r\n\t\t<article class=\"qodef-e qodef-blog-item qodef-grid-item qodef-item--full post-7800 post type-post status-publish format-standard has-post-thumbnail hentry category-allgemein\" >\r\n\t<div class=\"qodef-e-inner\">\r\n\r\n\t\t<div class=\"qodef-e-content\">\r\n\t\t\t<div class=\"qodef-e-info qodef-info--top\">\r\n\t\t\t\t<div class=\"qodef-e-info-item qodef-e-info-category\">\r\n\t<a href=\"https:\/\/in-love-with-cats.com\/de\/category\/allgemein\/\" rel=\"category tag\">Allgemein<\/a><\/div>\r\n<h2 itemprop=\"name\" class=\"qodef-e-title entry-title\" >\r\n\t<a itemprop=\"url\" class=\"qodef-e-title-link\" href=\"https:\/\/in-love-with-cats.com\/de\/katzenblog-in-love-with-cats-geht-an-den-start\/\">\r\n\t\tKatzenblog \u201cIn Love with Cats\u201d geht an den Start!\t<\/a>\r\n<\/h2>\r\n<div itemprop=\"dateCreated\" class=\"qodef-e-info-item qodef-e-info-date entry-date \">\r\n\t<a itemprop=\"url\" href=\"https:\/\/in-love-with-cats.com\/de\/2024\/04\/\">\r\n\t\t18. April 2024\t<\/a>\r\n<\/div>\r\n<div class=\"qodef-e-info-item qodef-e-info-author\">\r\n    <span class=\"qodef-e-info-author-label\">By<\/span>\r\n\t<a itemprop=\"author\" class=\"qodef-e-info-author-link\" href=\"https:\/\/in-love-with-cats.com\/de\/author\/larissa\/\">\r\n\t\tLarissa\t<\/a>\r\n<\/div>\r\n\t\t\t<\/div>\r\n\r\n            <div class=\"qodef-e-media\">\r\n\t\r\n\t<div class=\"qodef-e-media-image\">\r\n\t\t<a itemprop=\"url\" href=\"https:\/\/in-love-with-cats.com\/de\/katzenblog-in-love-with-cats-geht-an-den-start\/\">\r\n                                                <img decoding=\"async\" src=\"https:\/\/in-love-with-cats.com\/wp-content\/uploads\/2024\/04\/ILWC_Start_Banner_DE.jpg\" alt=\"ILWC Logo umgeben von Blumen und Aufschrift Katzen Blog In Love with Cats geht an den Start\" loading=\"lazy\" srcset=\"https:\/\/in-love-with-cats.com\/wp-content\/uploads\/2024\/04\/ILWC_Start_Banner_DE.jpg 1920w, https:\/\/in-love-with-cats.com\/wp-content\/uploads\/2024\/04\/ILWC_Start_Banner_DE-300x169.jpg 300w, https:\/\/in-love-with-cats.com\/wp-content\/uploads\/2024\/04\/ILWC_Start_Banner_DE-1024x576.jpg 1024w, https:\/\/in-love-with-cats.com\/wp-content\/uploads\/2024\/04\/ILWC_Start_Banner_DE-768x432.jpg 768w, https:\/\/in-love-with-cats.com\/wp-content\/uploads\/2024\/04\/ILWC_Start_Banner_DE-1536x864.jpg 1536w\" sizes=\"(max-width: 1920px) 100vw, 1920px\">\r\n                            \t\t<\/a>\r\n\t<\/div>\r\n<\/div>\r\n\r\n\t\t\t<div class=\"qodef-e-text\">\r\n\t\t\t\t\t\t<p itemprop=\"description\" class=\"qodef-e-excerpt\">[vc_row][vc_column][vc_column_text] Endlich geht mein Katzen-Blog an den Start! &nbsp; \u00a0 Endlich ist es so weit \u2026 Mein Katzenblog &#8222;In Love with Cats&#8220; geht an den Start! Als frischgebackene Katzenbloggerin bin ich unglaublich aufgeregt, dieses spannende Projekt zu beginnen. Es f\u00fchlt sich ein bisschen an wie das \u00d6ffnen eines neuen Buches, dessen Seiten noch unbeschrieben sind. [&hellip;]<\/p>\r\n\t\t\t\t<\/div>\r\n\t\t\t<div class=\"qodef-e-info qodef-info--bottom\">\r\n\t\t\t\t<div class=\"qodef-e-info-left\">\r\n\t\t\t\t\t\t<div class=\"qodef-e-read-more\">\r\n\t\t<a class=\"qodef-shortcode qodef-m  qodef-button qodef-layout--filled  qodef-html--link\" href=\"https:\/\/in-love-with-cats.com\/de\/katzenblog-in-love-with-cats-geht-an-den-start\/\" target=\"_self\"  >\r\t<span class=\"qodef-m-text\">Weiterlesen<\/span>\r<\/a>\r\t<\/div>\r\n\t\t\t\t<\/div>\r\n\t\t\t\t<div class=\"qodef-e-info-right\">\r\n\t\t\t\t\t\t<div class=\"qodef-e-info-item qodef-e-info-social-share\">\r\n\t\t<div class=\"qodef-shortcode qodef-m  qodef-social-share clear qodef-layout--dropdown qodef-dropdown--left\">\r\t<a class=\"qodef-social-share-dropdown-opener\" href=\"javascript:void(0)\">\r\t\t<span class=\"qodef-social-share-icon\">\r            <svg  xmlns=\"http:\/\/www.w3.org\/2000\/svg\" xmlns:xlink=\"http:\/\/www.w3.org\/1999\/xlink\" x=\"0px\" y=\"0px\" width=\"13.06px\" height=\"18.05px\" viewBox=\"5.45 3.97 13.06 18.05\" enable-background=\"new 5.45 3.97 13.06 18.05\" xml:space=\"preserve\"><path fill=\"none\" stroke=\"#1B1B1B\" stroke-linecap=\"round\" stroke-linejoin=\"round\" d=\"M6,16.25V20c0,0.83,0.67,1.5,1.5,1.5h9 c0.83,0,1.5-0.67,1.5-1.5v-3.75\"\/><polyline fill=\"none\" stroke=\"#1B1B1B\" stroke-linecap=\"round\" stroke-linejoin=\"round\" points=\"15,7.5 12,4.5 9,7.5 \"\/><line fill=\"none\" stroke=\"#1B1B1B\" stroke-linecap=\"round\" stroke-linejoin=\"round\" x1=\"12\" y1=\"4.5\" x2=\"12\" y2=\"14.25\"\/><\/svg>        <\/span>\r        <span class=\"qodef-social-title\">Teilen<\/span>\r\t<\/a>\r\t<div class=\"qodef-social-share-dropdown\">\r\t\t<ul class=\"qodef-shortcode-list\">\r\t\t\t<li class=\"qodef-facebook-share\">\r\t<a itemprop=\"url\" class=\"qodef-share-link\" href=\"#\" onclick=\"window.open(&#039;https:\/\/www.facebook.com\/sharer.php?u=https%3A%2F%2Fin-love-with-cats.com%2Fde%2Fkatzenblog-in-love-with-cats-geht-an-den-start%2F&#039;, &#039;sharer&#039;, &#039;toolbar=0,status=0,width=620,height=280&#039;);\">\r\t\t\t\t\t<span class=\"qodef-icon-font-awesome fab fa-facebook-f qodef-social-network-icon\"><\/span>\t\t\t<\/a>\r<\/li>\r<li class=\"qodef-twitter-share\">\r\t<a itemprop=\"url\" class=\"qodef-share-link\" href=\"#\" onclick=\"window.open(&#039;https:\/\/twitter.com\/intent\/tweet?text=%5Bvc_row%5D%5Bvc_column%5D%5Bvc_column_text%5D+Endlich+geht+mein+Katzen-Blog+an+den+Start%21+%26nbsp%3B+%C2%A0++via+%40in_love_w_catshttps:\/\/in-love-with-cats.com\/de\/katzenblog-in-love-with-cats-geht-an-den-start\/&#039;, &#039;popupwindow&#039;, &#039;scrollbars=yes,width=800,height=400&#039;);\">\r\t\t\t\t\t<span class=\"qodef-icon-font-awesome fab fa-twitter qodef-social-network-icon\"><\/span>\t\t\t<\/a>\r<\/li>\r\t\t<\/ul>\r\t<\/div>\r<\/div>\r\t<\/div>\r\n\t\t\t\t<\/div>\r\n\t\t\t<\/div>\r\n\t\t<\/div>\r\n\t<\/div>\r\n<\/article>\r\n\t<\/div>\r\n\t<\/div>\r\n[\/vc_column][vc_column width=&#8220;1\/4&#8243; css=&#8220;.vc_custom_1700486535698{margin-left: 25px !important;}&#8220;][vc_widget_sidebar sidebar_id=&#8220;main-sidebar&#8220;][\/vc_column][\/vc_row]<\/p>\n<\/div>","protected":false},"excerpt":{"rendered":"<p>[vc_row][vc_column][\/vc_column][\/vc_row][vc_row row_content_width=&#8220;grid&#8220; css=&#8220;.vc_custom_1708447683824{margin-bottom: 125px !important;}&#8220;][vc_column][vc_row_inner css=&#8220;.vc_custom_1708434319517{margin-bottom: 25px !important;}&#8220;][vc_column_inner][vc_column_text] Willkommen bei &#8222;In Love With Cats&#8220;, dem perfekten Blog f\u00fcr alle Katzenliebhaber! [\/vc_column_text][\/vc_column_inner][\/vc_row_inner][vc_row_inner content_placement=&#8220;middle&#8220;][vc_column_inner width=&#8220;2\/3&#8243; css=&#8220;.vc_custom_1708511018457{padding-top: 25px !important;padding-right: 25px !important;padding-bottom: 25px !important;padding-left: 25px !important;background-color: #e4cdb0 !important;border-radius: 10px !important;}&#8220;][vc_column_text css_animation=&#8220;none&#8220;]Mein Name ist Larissa, und ich bin Texterin, Tier\u00e4rztin und gl\u00fcckliche Katzenbesitzerin. Ich liebe es, meine Begeisterung f\u00fcr Tiere [&hellip;]<\/p>\n","protected":false},"author":1,"featured_media":0,"parent":0,"menu_order":0,"comment_status":"closed","ping_status":"closed","template":"page-full-width.php","meta":{"footnotes":""},"class_list":["post-5998","page","type-page","status-publish","hentry"],"_links":{"self":[{"href":"https:\/\/in-love-with-cats.com\/de\/wp-json\/wp\/v2\/pages\/5998","targetHints":{"allow":["GET"]}}],"collection":[{"href":"https:\/\/in-love-with-cats.com\/de\/wp-json\/wp\/v2\/pages"}],"about":[{"href":"https:\/\/in-love-with-cats.com\/de\/wp-json\/wp\/v2\/types\/page"}],"author":[{"embeddable":true,"href":"https:\/\/in-love-with-cats.com\/de\/wp-json\/wp\/v2\/users\/1"}],"replies":[{"embeddable":true,"href":"https:\/\/in-love-with-cats.com\/de\/wp-json\/wp\/v2\/comments?post=5998"}],"version-history":[{"count":28,"href":"https:\/\/in-love-with-cats.com\/de\/wp-json\/wp\/v2\/pages\/5998\/revisions"}],"predecessor-version":[{"id":7408,"href":"https:\/\/in-love-with-cats.com\/de\/wp-json\/wp\/v2\/pages\/5998\/revisions\/7408"}],"wp:attachment":[{"href":"https:\/\/in-love-with-cats.com\/de\/wp-json\/wp\/v2\/media?parent=5998"}],"curies":[{"name":"wp","href":"https:\/\/api.w.org\/{rel}","templated":true}]}}