{"id":6001,"date":"2021-04-07T20:56:49","date_gmt":"2021-04-07T18:56:49","guid":{"rendered":"https:\/\/in-love-with-cats.com\/?page_id=6001"},"modified":"2024-07-04T17:13:13","modified_gmt":"2024-07-04T15:13:13","slug":"ueber-mich","status":"publish","type":"page","link":"https:\/\/in-love-with-cats.com\/de\/ueber-mich\/","title":{"rendered":"\u00dcber mich"},"content":{"rendered":"<div class=\"wpb-content-wrapper\"><p>[vc_row row_content_width=&#8220;grid&#8220;][vc_column][vc_row_inner css=&#8220;.vc_custom_1709561511957{margin-bottom: 50px !important;}&#8220;][vc_column_inner width=&#8220;2\/3&#8243;][vc_column_text css=&#8220;&#8220;]<\/p>\n<h3>Hallo, mein Name ist Larissa!<\/h3>\n<h3>Ich bin Tier\u00e4rztin, Texterin und nat\u00fcrlich Katzenliebhaberin.<\/h3>\n<p>Wie Du Dir sicher vorstellen kannst, bin ich ein gro\u00dfer Fan von Katzen und anderen Tieren. Als studierte Tier\u00e4rztin habe ich au\u00dferdem eine gro\u00dfe Faszination f\u00fcr Tiermedizin, Biologie und wissenschaftliche Themen.<\/p>\n<p>Au\u00dferdem habe ich eine weitere Leidenschaft: das <strong>Schreiben<\/strong>.<\/p>\n<p>Aus dieser Leidenschaft heraus habe ich mich im Jahr 2022 als Texterin mit dem Schwerpunkt tiermedizinische und medizinische Inhalte selbstst\u00e4ndig gemacht.<\/p>\n<p>&nbsp;<\/p>\n<p>Damit vereine ich meine beiden gro\u00dfen Leidenschaften in diesem Blog. Schon seit meiner Kindheit war ich fasziniert von Katzen und allen anderen Tieren. Diese Liebe begleitete mich schon immer und inspirierte mich dazu, mich intensiv mit Themen wie Tiergesundheit, Biologie und Naturwissenschaften zu besch\u00e4ftigen.<\/p>\n<p>Nach meinem Studium der Tiermedizin habe ich mich dazu entschlossen, meine Erfahrungen und mein Wissen nicht nur in der Praxis, sondern auch online zu teilen. Daher habe ich mich 2022 dazu entschlossen, mich als Texterin mit dieser Spezialisierung selbstst\u00e4ndig zu machen. So kann ich meine Begeisterung f\u00fcr das Schreiben nutzen, um informative und unterhaltsame Inhalte rund um das Thema Tiere und Tiermedizin zu schreiben.<\/p>\n<p>Als Tier\u00e4rztin lag mir schon immer besonders am Herzen, Tierhalter aufzukl\u00e4ren und zu beraten, damit sie ihre geliebten Vierbeiner bestm\u00f6glich versorgen k\u00f6nnen. Auf diesem Blog werde ich daher nicht nur \u00fcber allgemeine Katzenpflege und -gesundheit schreiben, sondern auch \u00fcber spezifische Krankheiten, Pr\u00e4vention und alles, was Katzenbesitzer wissen m\u00fcssen, um ihren pelzigen Freunden ein gl\u00fcckliches und gesundes Leben zu erm\u00f6glichen.<\/p>\n<p>Ich lade dich herzlich ein, dich auf meinem Blog umzusehen, dich zu informieren und mit mir und anderen Katzenliebhabern in Kontakt zu treten. Gemeinsam k\u00f6nnen wir viel \u00fcber unsere geliebten Samtpfoten lernen und ihnen das bestm\u00f6gliche Zuhause bieten.<\/p>\n<p>Vielen Dank, dass du hier bist, und ich freue mich darauf, meinen Wissensdurst, meine Begeisterung und meine Erfahrungen zu teilen![\/vc_column_text][vc_column_text]<\/p>\n<blockquote><p><strong><em>Ich freue mich darauf, meinen Wissensdurst, meine Begeisterung und meine Erfahrungen zu teilen!<\/em><\/strong><\/p><\/blockquote>\n<p>[\/vc_column_text][vc_separator css=&#8220;&#8220;][\/vc_column_inner][vc_column_inner width=&#8220;1\/3&#8243; offset=&#8220;vc_hidden-xs&#8220;][vc_single_image image=&#8220;7946&#8243; img_size=&#8220;720&#215;1280&#8243; onclick=&#8220;custom_link&#8220; css=&#8220;&#8220; link=&#8220;https:\/\/in-love-with-cats.com\/de\/blog\/&#8220;][\/vc_column_inner][\/vc_row_inner][vc_column_text css=&#8220;&#8220;]<\/p>\n<h2 style=\"text-align: center;\">\u00dcber meine Katzen<\/h2>\n<p>[\/vc_column_text][vc_row_inner][vc_column_inner width=&#8220;1\/2&#8243;][vc_column_text css=&#8220;&#8220;]<\/p>\n<h4 style=\"text-align: center;\"><strong>Orion &amp; Cassiopeia<\/strong><\/h4>\n<p>[\/vc_column_text][vc_images_carousel images=&#8220;7867,7908,7905,7899,7902,7874&#8243; img_size=&#8220;635&#215;430&#8243; css=&#8220;&#8220;][\/vc_column_inner][vc_column_inner width=&#8220;1\/2&#8243;][vc_column_text css=&#8220;&#8220;]<\/p>\n<p>&nbsp;<\/p>\n<p>Seit ich denken kann, haben Katzen einen besonderen Platz in meinem Herzen eingenommen. Sie sind nicht nur faszinierende Wesen, sondern auch treue Begleiter durch alle H\u00f6hen und Tiefen des Lebens.<\/p>\n<p>Meine beiden Bengalkatzen, Orion und Cassiopeia, begleiten mich nun seit Mai 2023. Als s\u00fc\u00dfes Geschwisterp\u00e4rchen sind sie unzertrennlich und haben von Anfang an gemeinsam die Welt erkundet. Orion ist etwas zur\u00fcckhaltender, w\u00e4hrend Cassiopeia furchtloser und auch etwas verr\u00fcckter ist, wie die meisten K\u00e4tzinnen. Beide sind jedoch gleicherma\u00dfen verschmust, neugierig, verspielt und unglaublich anh\u00e4nglich. Ein au\u00dfergew\u00f6hnliches Merkmal von ihnen ist, dass sie beide wirklich gerne in den Arm genommen werden und gar nicht wieder weg wollen. Sie f\u00fcllen mein Zuhause mit Liebe und Lebensfreude und sind einfach absolut verzaubernd.<\/p>\n<p>Sie sind nicht nur meine treuen Begleiter, sondern auch eine unersch\u00f6pfliche Quelle der Inspiration f\u00fcr meinen Katzenblog. Ihre unerwarteten Streiche, ihre niedlichen Eigenarten und liebenswerten Pers\u00f6nlichkeiten bringen nicht nur mich, sondern hoffentlich auch bald Dich zum Schmunzeln und Nachdenken.[\/vc_column_text][\/vc_column_inner][vc_column_inner][\/vc_column_inner][\/vc_row_inner][\/vc_column][\/vc_row][vc_row][vc_column][vc_row_inner][vc_column_inner][vc_column_text css_animation=&#8220;none&#8220; css=&#8220;.vc_custom_1709914353320{padding-top: 15px !important;padding-right: 15px !important;padding-bottom: 15px !important;padding-left: 15px !important;background-color: #e4cdb0 !important;border-radius: 10px !important;}&#8220; el_class=&#8220;d4-about-text-left&#8220;]<\/p>\n<h3 style=\"text-align: center;\"><strong>Die Entstehung von In Love with Cats<\/strong><\/h3>\n<p>Die Entstehung von &#8222;In Love with Cats&#8220; war f\u00fcr mich ein Herzensprojekt, das aus meiner tiefen Leidenschaft f\u00fcr Katzen, Tiermedizin und Schreiben entstanden ist. Mein Ziel war es, mein Wissen und meine Erfahrungen mit anderen Katzenhaltern zu teilen und ihn dabei zu unterst\u00fctzen, ihren geliebten Samtpfoten das bestm\u00f6gliche Leben zu erm\u00f6glichen.<\/p>\n<p>Die Idee zu &#8222;In Love with Cats&#8220; nahm 2023 konkrete Formen an und manifestierte sich schlie\u00dflich im Oktober desselben Jahres, als ich die Arbeiten an der Webseite in-love-with-cats.com begann. Nach Monaten intensiver Vorbereitung und Planung war es endlich soweit: Der Blog ging im M\u00e4rz 2024 an den Start.[\/vc_column_text][\/vc_column_inner][\/vc_row_inner][\/vc_column][\/vc_row][vc_row css=&#8220;.vc_custom_1709571581741{margin-bottom: 25px !important;}&#8220;][vc_column][vc_row_inner][vc_column_inner width=&#8220;1\/2&#8243;][vc_column_text css_animation=&#8220;none&#8220; css=&#8220;.vc_custom_1709914205150{padding-top: 10px !important;padding-right: 15px !important;padding-bottom: 10px !important;padding-left: 15px !important;background-color: #e4cdb0 !important;border-radius: 10px !important;}&#8220; el_class=&#8220;d4-about-text-right&#8220;]<\/p>\n<h4 style=\"text-align: center;\"><strong>Was erwartet dich bei &#8222;In Love with Cats&#8220;?<\/strong><\/h4>\n<p>Bei &#8222;In Love with Cats&#8220; findest du eine Vielfalt an informativen und unterhaltsamen Inhalten rund um das Thema Katzen:<\/p>\n<p><strong>Ratgeber und Tipps zur Haltung und dem Verhalten von Katzen:<\/strong> Ich teile meine Erfahrungen und gebe dir wertvolle Tipps, wie du deine Katze gl\u00fccklich und gesund halten kannst. Egal ob es um die richtige Ern\u00e4hrung, das Training oder das Verhalten deiner Katze geht, hier findest du hilfreiche Ratschl\u00e4ge.<\/p>\n<p><strong>Recherche und Kl\u00e4rung von tiermedizinischen Fragestellungen:<\/strong> Als Tier\u00e4rztin ist es mir wichtig, dir fundierte Informationen zu bieten, damit du deine Katze bestm\u00f6glich versorgen kannst. Von h\u00e4ufigen Krankheiten bis hin zu pr\u00e4ventiven Ma\u00dfnahmen &#8211; ich kl\u00e4re tiermedizinische Fragen verst\u00e4ndlich und anschaulich f\u00fcr dich.[\/vc_column_text][\/vc_column_inner][vc_column_inner width=&#8220;1\/2&#8243; offset=&#8220;vc_hidden-xs&#8220;][vc_single_image image=&#8220;7938&#8243; img_size=&#8220;635&#215;470&#8243; alignment=&#8220;center&#8220; css=&#8220;&#8220; el_class=&#8220;d4-ilwc-image-border&#8220;][\/vc_column_inner][\/vc_row_inner][vc_row_inner][vc_column_inner width=&#8220;1\/2&#8243; offset=&#8220;vc_hidden-xs&#8220;][vc_single_image image=&#8220;6715&#8243; img_size=&#8220;635&#215;330&#8243; alignment=&#8220;center&#8220; el_class=&#8220;d4-ilwc-image-border&#8220;][\/vc_column_inner][vc_column_inner width=&#8220;1\/2&#8243;][vc_column_text css_animation=&#8220;none&#8220; css=&#8220;.vc_custom_1709569158213{padding-top: 10px !important;padding-right: 15px !important;padding-bottom: 10px !important;padding-left: 15px !important;background-color: #e4cdb0 !important;border-radius: 10px !important;}&#8220; el_class=&#8220;d4-about-text-right&#8220;]<strong>Interessante Fakten zu Katzen:<\/strong> Entdecke spannende und \u00fcberraschende Fakten \u00fcber unsere geliebten Samtpfoten. Von ihrer Geschichte bis hin zu erstaunlichen Verhaltensweisen &#8211; hier erf\u00e4hrst du alles Wissenswerte \u00fcber Katzen.<\/p>\n<p><strong>Tests von Produkten und Produktempfehlungen:<\/strong> Ich teste Produkte pers\u00f6nlich (und zusammen mit meinen Katzen) und basierend auf aktuellen wissenschaftlichen Erkenntnissen, um dir die besten Empfehlungen zu bieten. Egal ob es um das richtige Katzenfutter, Spielzeug oder den idealen Kratzbaum geht &#8211; ich helfe dir dabei, die richtigen Entscheidungen f\u00fcr deine Katze zu treffen. Meine Empfehlungen beruhen dabei auf Qualit\u00e4t, Gesundheit, Funktionalit\u00e4t, Preis und Nachhaltigkeit.[\/vc_column_text][\/vc_column_inner][\/vc_row_inner][vc_row_inner][vc_column_inner width=&#8220;1\/2&#8243;][vc_column_text css_animation=&#8220;none&#8220; css=&#8220;.vc_custom_1709914212238{padding-top: 10px !important;padding-right: 15px !important;padding-bottom: 10px !important;padding-left: 15px !important;background-color: #e4cdb0 !important;border-radius: 10px !important;}&#8220;]<\/p>\n<h4 style=\"text-align: center;\"><strong>Die Philosophie von &#8222;In Love with Cats&#8220;<\/strong><\/h4>\n<p>Bei &#8222;In Love with Cats&#8220; steht die Liebe zu Katzen im Mittelpunkt. Als Katzenliebhaberin, die selbst leidenschaftlich gerne \u00fcber ihre Samtpfoten schreibt, ist es mir ein Herzensanliegen, anderen Katzenliebhabern hochwertige Inhalte zu bieten.<\/p>\n<p><strong>Aus Liebe zu Katzen:<\/strong> Dieser Blog wird von Katzenliebhabern f\u00fcr Katzenliebhaber betrieben. Jeder Artikel, jedes Video und jeder Tipp wird mit der gleichen Liebe und Hingabe erstellt, die wir f\u00fcr unsere eigenen Katzen empfinden.[\/vc_column_text][\/vc_column_inner][vc_column_inner width=&#8220;1\/2&#8243; offset=&#8220;vc_hidden-xs&#8220;][vc_single_image image=&#8220;7940&#8243; img_size=&#8220;635&#215;340&#8243; alignment=&#8220;center&#8220; css=&#8220;&#8220; el_class=&#8220;d4-ilwc-image-border&#8220;][\/vc_column_inner][\/vc_row_inner][vc_row_inner][vc_column_inner width=&#8220;1\/2&#8243; offset=&#8220;vc_hidden-xs&#8220;][vc_single_image image=&#8220;7933&#8243; img_size=&#8220;635&#215;380&#8243; alignment=&#8220;center&#8220; css=&#8220;&#8220; el_class=&#8220;d4-ilwc-image-border&#8220;][\/vc_column_inner][vc_column_inner width=&#8220;1\/2&#8243;][vc_column_text css_animation=&#8220;none&#8220; css=&#8220;.vc_custom_1715070580500{padding-top: 10px !important;padding-right: 15px !important;padding-bottom: 10px !important;padding-left: 15px !important;background-color: #e4cdb0 !important;border-radius: 10px !important;}&#8220;]<strong>Aus Liebe zu Fakten:<\/strong> Ich lege gro\u00dfen Wert auf gr\u00fcndliche Recherche und biete gut recherchierte Inhalte. Als Tier\u00e4rztin verf\u00fcge ich \u00fcber umfangreiches Fachwissen in den Bereichen Tiermedizin, Haltung und Verhalten von Katzen. Dadurch kann ich fundierte Informationen liefern, die das Wohlbefinden und die Gesundheit unserer pelzigen Freunde f\u00f6rdern.<\/p>\n<p><strong>Aus Liebe zur Transparenz &amp; Offenheit:<\/strong> Mir ist es wichtig, transparent und ehrlich zu sein. Ich zeige klar auf, welche Inhalte auf meinen eigenen Erfahrungen als Katzenhalterin und Tier\u00e4rztin beruhen und welche auf aktuellen wissenschaftlichen Erkenntnissen basieren. Auch kooperative Partnerschaften, die es mir erm\u00f6glichen, diesen Blog zu betreiben, werden offen kommuniziert. So kannst du sicher sein, dass meine Empfehlungen und Informationen stets transparent und verl\u00e4sslich sind.[\/vc_column_text][\/vc_column_inner][\/vc_row_inner][\/vc_column][\/vc_row]<\/p>\n<\/div>","protected":false},"excerpt":{"rendered":"<p>[vc_row row_content_width=&#8220;grid&#8220;][vc_column][vc_row_inner css=&#8220;.vc_custom_1709561511957{margin-bottom: 50px !important;}&#8220;][vc_column_inner width=&#8220;2\/3&#8243;][vc_column_text css=&#8220;&#8220;] Hallo, mein Name ist Larissa! Ich bin Tier\u00e4rztin, Texterin und nat\u00fcrlich Katzenliebhaberin. Wie Du Dir sicher vorstellen kannst, bin ich ein gro\u00dfer Fan von Katzen und anderen Tieren. Als studierte Tier\u00e4rztin habe ich au\u00dferdem eine gro\u00dfe Faszination f\u00fcr Tiermedizin, Biologie und wissenschaftliche Themen. Au\u00dferdem habe ich eine weitere [&hellip;]<\/p>\n","protected":false},"author":1,"featured_media":0,"parent":0,"menu_order":0,"comment_status":"closed","ping_status":"closed","template":"","meta":{"footnotes":""},"class_list":["post-6001","page","type-page","status-publish","hentry"],"_links":{"self":[{"href":"https:\/\/in-love-with-cats.com\/de\/wp-json\/wp\/v2\/pages\/6001","targetHints":{"allow":["GET"]}}],"collection":[{"href":"https:\/\/in-love-with-cats.com\/de\/wp-json\/wp\/v2\/pages"}],"about":[{"href":"https:\/\/in-love-with-cats.com\/de\/wp-json\/wp\/v2\/types\/page"}],"author":[{"embeddable":true,"href":"https:\/\/in-love-with-cats.com\/de\/wp-json\/wp\/v2\/users\/1"}],"replies":[{"embeddable":true,"href":"https:\/\/in-love-with-cats.com\/de\/wp-json\/wp\/v2\/comments?post=6001"}],"version-history":[{"count":42,"href":"https:\/\/in-love-with-cats.com\/de\/wp-json\/wp\/v2\/pages\/6001\/revisions"}],"predecessor-version":[{"id":7997,"href":"https:\/\/in-love-with-cats.com\/de\/wp-json\/wp\/v2\/pages\/6001\/revisions\/7997"}],"wp:attachment":[{"href":"https:\/\/in-love-with-cats.com\/de\/wp-json\/wp\/v2\/media?parent=6001"}],"curies":[{"name":"wp","href":"https:\/\/api.w.org\/{rel}","templated":true}]}}