{"id":6018,"date":"2021-04-08T10:58:33","date_gmt":"2021-04-08T08:58:33","guid":{"rendered":"https:\/\/in-love-with-cats.com\/?page_id=6018"},"modified":"2024-07-05T14:18:09","modified_gmt":"2024-07-05T12:18:09","slug":"kontakt","status":"publish","type":"page","link":"https:\/\/in-love-with-cats.com\/de\/kontakt\/","title":{"rendered":"Kontakt"},"content":{"rendered":"<div class=\"wpb-content-wrapper\"><p>[vc_row][vc_column width=&#8220;1\/6&#8243;][\/vc_column][vc_column width=&#8220;2\/3&#8243;][vc_column_text css=&#8220;&#8220;]<\/p>\n<p style=\"text-align: center;\">Du hast Fragen, W\u00fcnsche oder Anregungen? Dann z\u00f6gere nicht, mich per E-Mail zu kontaktieren! Ich freue mich darauf, von Dir zu h\u00f6ren und stehe dir f\u00fcr alle Belange rund um meinen Katzenblog zur Verf\u00fcgung.<\/p>\n<p>&nbsp;<\/p>\n<p style=\"text-align: center;\">Egal, ob Du mehr \u00fcber einen bestimmten Blogbeitrag erfahren m\u00f6chtest, Ideen f\u00fcr zuk\u00fcnftige Themen hast oder einfach nur Hallo sagen m\u00f6chtest &#8211; schick mir gerne eine Nachricht. Deine Meinung ist mir wichtig und ich bem\u00fche mich, so schnell wie m\u00f6glich zu antworten.<\/p>\n<p style=\"text-align: center;\">Vielen Dank f\u00fcr Dein Interesse und Deine Unterst\u00fctzung!<\/p>\n<p>[\/vc_column_text][\/vc_column][vc_column width=&#8220;1\/6&#8243;][\/vc_column][\/vc_row][vc_row row_content_width=&#8220;grid&#8220; css=&#8220;.vc_custom_1710233441871{margin-top: 50px !important;}&#8220;][vc_column width=&#8220;1\/4&#8243;][vc_column_text]<\/p>\n<h5>In Love with Cats Blog<\/h5>\n<p>[\/vc_column_text][vc_column_text]<a href=\"mailto:info@in-love-with-cats.de\">info@in-love-with-cats.de<\/a>[\/vc_column_text]<span class=\"qodef-shortcode qodef-m  qodef-icon-holder qodef-size--default qodef-layout--normal\"  >\r\n\t\t\t<span class=\"qodef-icon-font-awesome fab fa-facebook qodef-icon qodef-e\" style=\"\" ><\/span>\t<\/span>\r\n<span class=\"qodef-shortcode qodef-m  qodef-icon-holder qodef-size--default qodef-layout--normal\"  >\r\n\t\t\t<span class=\"qodef-icon-font-awesome fab fa-instagram qodef-icon qodef-e\" style=\"\" ><\/span>\t<\/span>\r\n<span class=\"qodef-shortcode qodef-m  qodef-icon-holder qodef-size--default qodef-layout--normal\"  >\r\n\t\t\t<span class=\"qodef-icon-font-awesome fab fa-twitter qodef-icon qodef-e\" style=\"\" ><\/span>\t<\/span>\r\n[\/vc_column][vc_column width=&#8220;3\/4&#8243;][vc_raw_html css=&#8220;&#8220;]JTVCZm9ybWluYXRvcl9mb3JtJTIwaWQlM0QlMjI2MzIzJTIyJTVE[\/vc_raw_html][\/vc_column][\/vc_row]<\/p>\n<\/div>","protected":false},"excerpt":{"rendered":"<p>[vc_row][vc_column width=&#8220;1\/6&#8243;][\/vc_column][vc_column width=&#8220;2\/3&#8243;][vc_column_text css=&#8220;&#8220;] Du hast Fragen, W\u00fcnsche oder Anregungen? Dann z\u00f6gere nicht, mich per E-Mail zu kontaktieren! Ich freue mich darauf, von Dir zu h\u00f6ren und stehe dir f\u00fcr alle Belange rund um meinen Katzenblog zur Verf\u00fcgung. &nbsp; Egal, ob Du mehr \u00fcber einen bestimmten Blogbeitrag erfahren m\u00f6chtest, Ideen f\u00fcr zuk\u00fcnftige Themen hast oder [&hellip;]<\/p>\n","protected":false},"author":1,"featured_media":0,"parent":0,"menu_order":0,"comment_status":"closed","ping_status":"closed","template":"page-full-width.php","meta":{"footnotes":""},"class_list":["post-6018","page","type-page","status-publish","hentry"],"_links":{"self":[{"href":"https:\/\/in-love-with-cats.com\/de\/wp-json\/wp\/v2\/pages\/6018","targetHints":{"allow":["GET"]}}],"collection":[{"href":"https:\/\/in-love-with-cats.com\/de\/wp-json\/wp\/v2\/pages"}],"about":[{"href":"https:\/\/in-love-with-cats.com\/de\/wp-json\/wp\/v2\/types\/page"}],"author":[{"embeddable":true,"href":"https:\/\/in-love-with-cats.com\/de\/wp-json\/wp\/v2\/users\/1"}],"replies":[{"embeddable":true,"href":"https:\/\/in-love-with-cats.com\/de\/wp-json\/wp\/v2\/comments?post=6018"}],"version-history":[{"count":30,"href":"https:\/\/in-love-with-cats.com\/de\/wp-json\/wp\/v2\/pages\/6018\/revisions"}],"predecessor-version":[{"id":8000,"href":"https:\/\/in-love-with-cats.com\/de\/wp-json\/wp\/v2\/pages\/6018\/revisions\/8000"}],"wp:attachment":[{"href":"https:\/\/in-love-with-cats.com\/de\/wp-json\/wp\/v2\/media?parent=6018"}],"curies":[{"name":"wp","href":"https:\/\/api.w.org\/{rel}","templated":true}]}}