{"id":6255,"date":"2024-02-06T11:37:57","date_gmt":"2024-02-06T10:37:57","guid":{"rendered":"https:\/\/in-love-with-cats.com\/?page_id=6255"},"modified":"2024-08-12T15:21:12","modified_gmt":"2024-08-12T13:21:12","slug":"impressum","status":"publish","type":"page","link":"https:\/\/in-love-with-cats.com\/de\/impressum\/","title":{"rendered":"Impressum"},"content":{"rendered":"<div class=\"wpb-content-wrapper\"><p>[vc_row css=&#8220;.vc_custom_1707318576671{margin-top: -100px !important;margin-bottom: 50px !important;}&#8220;][vc_column width=&#8220;1\/4&#8243;][\/vc_column][vc_column width=&#8220;1\/2&#8243;][vc_column_text css=&#8220;&#8220;]<\/p>\n<h1 style=\"text-align: center;\">Impressum<\/h1>\n<h2 style=\"text-align: center;\">Dienstanbieter gem. \u00a7 5 DDG<\/h2>\n<p style=\"text-align: center;\"><a href=\"http:\/\/www.in-love-with-cats.com\">in-love-with-cats.com<\/a> ist ein Dienst der:<\/p>\n<p style=\"text-align: center;\">Lambda Wortmanufaktur (Inh. Larissa Csan\u00e1dy)<br \/>\nWerner-Haas-Stra\u00dfe 8<br \/>\n86153 Augsburg<br \/>\nTelefon: <u><a href=\"tel:+4915734864564\">+49 157 348 645 64<\/a><\/u><br \/>\nE-Mail: <u><a href=\"mailto:info@lambda-wortmanufaktur.de\">info@lambda-wortmanufaktur.de<\/a><\/u><\/p>\n<p style=\"text-align: center;\">Ust-IdNr.: <strong>DE350460707<\/strong><br \/>\nEingetragen im Handelsregister des <strong>Amtsgerichtes Augsburg<\/strong><br \/>\nGerichtsstand: <strong>Augsburg<br \/>\n<\/strong>Gesch\u00e4ftsf\u00fchrung: Larissa von Csan\u00e1dy<\/p>\n<p style=\"text-align: center;\">Webseite entworfen und entwickelt durch das <a href=\"https:\/\/www.delta-4.software\">Software Unternehmen <strong>Delta 4 Software Solutions OHG<\/strong><\/a><\/p>\n<p style=\"text-align: center;\">Bildnachweis: Pixabay<\/p>\n<p style=\"text-align: center;\">Gesetzliche Berufsbezeichnung: Tier\u00e4rztin<br \/>\nStaat, in dem die Berufsbezeichnung verliehen wurde: Bundesrepublik Deutschland<br \/>\nZust\u00e4ndige Kammer:<br \/>\nBayerische Landestier\u00e4rztekammer<br \/>\nBavariastr. 7 a<br \/>\n80336 M\u00fcnchen<\/p>\n<p style=\"text-align: center;\">Berufsrechtliche Regelungen:<br \/>\nBerufsordnung f\u00fcr Tier\u00e4rztinnen und Tier\u00e4rzte in Bayern (BOT), einsehbar unter <a href=\"https:\/\/www.bltk.de\/kammer\/rechtsgrundlagen\/berufsordnung-bot\" target=\"_blank\" rel=\"noopener\">https:\/\/www.bltk.de\/kammer\/rechtsgrundlagen\/berufsordnung-bot<\/a><\/p>\n<p style=\"text-align: center;\">Verantwortliche f\u00fcr journalistisch-redaktionelle Inhalte gem \u00a7 55 II RstV:<br \/>\nLarissa von Csan\u00e1dy<\/p>\n<p style=\"text-align: center;\">Plattform der EU-Kommission zur Online-Streitbeilegung: <a href=\"https:\/\/ec.europa.eu\/odr\" target=\"_blank\" rel=\"noopener\">https:\/\/ec.europa.eu\/odr<\/a><br \/>\nWir sind zur Teilnahme an einem Streitbeilegungsverfahren vor einer Verbraucherschlichtungsstelle weder verpflichtet noch bereit.<\/p>\n<p>[\/vc_column_text][\/vc_column][vc_column width=&#8220;1\/4&#8243;][\/vc_column][\/vc_row]<\/p>\n<\/div>","protected":false},"excerpt":{"rendered":"<p>[vc_row css=&#8220;.vc_custom_1707318576671{margin-top: -100px !important;margin-bottom: 50px !important;}&#8220;][vc_column width=&#8220;1\/4&#8243;][\/vc_column][vc_column width=&#8220;1\/2&#8243;][vc_column_text css=&#8220;&#8220;] Impressum Dienstanbieter gem. \u00a7 5 DDG in-love-with-cats.com ist ein Dienst der: Lambda Wortmanufaktur (Inh. Larissa Csan\u00e1dy) Werner-Haas-Stra\u00dfe 8 86153 Augsburg Telefon: +49 157 348 645 64 E-Mail: info@lambda-wortmanufaktur.de Ust-IdNr.: DE350460707 Eingetragen im Handelsregister des Amtsgerichtes Augsburg Gerichtsstand: Augsburg Gesch\u00e4ftsf\u00fchrung: Larissa von Csan\u00e1dy Webseite entworfen und entwickelt [&hellip;]<\/p>\n","protected":false},"author":1,"featured_media":0,"parent":0,"menu_order":0,"comment_status":"closed","ping_status":"closed","template":"","meta":{"footnotes":""},"class_list":["post-6255","page","type-page","status-publish","hentry"],"_links":{"self":[{"href":"https:\/\/in-love-with-cats.com\/de\/wp-json\/wp\/v2\/pages\/6255","targetHints":{"allow":["GET"]}}],"collection":[{"href":"https:\/\/in-love-with-cats.com\/de\/wp-json\/wp\/v2\/pages"}],"about":[{"href":"https:\/\/in-love-with-cats.com\/de\/wp-json\/wp\/v2\/types\/page"}],"author":[{"embeddable":true,"href":"https:\/\/in-love-with-cats.com\/de\/wp-json\/wp\/v2\/users\/1"}],"replies":[{"embeddable":true,"href":"https:\/\/in-love-with-cats.com\/de\/wp-json\/wp\/v2\/comments?post=6255"}],"version-history":[{"count":14,"href":"https:\/\/in-love-with-cats.com\/de\/wp-json\/wp\/v2\/pages\/6255\/revisions"}],"predecessor-version":[{"id":8078,"href":"https:\/\/in-love-with-cats.com\/de\/wp-json\/wp\/v2\/pages\/6255\/revisions\/8078"}],"wp:attachment":[{"href":"https:\/\/in-love-with-cats.com\/de\/wp-json\/wp\/v2\/media?parent=6255"}],"curies":[{"name":"wp","href":"https:\/\/api.w.org\/{rel}","templated":true}]}}