{"id":7005,"date":"2024-03-12T16:48:35","date_gmt":"2024-03-12T15:48:35","guid":{"rendered":"https:\/\/in-love-with-cats.com\/?page_id=7005"},"modified":"2024-07-16T15:32:13","modified_gmt":"2024-07-16T13:32:13","slug":"gesundheit","status":"publish","type":"page","link":"https:\/\/in-love-with-cats.com\/de\/gesundheit\/","title":{"rendered":"Gesundheit"},"content":{"rendered":"<div class=\"wpb-content-wrapper\"><p>[vc_row full_width=&#8220;stretch_row&#8220; parallax=&#8220;content-moving&#8220; parallax_image=&#8220;8066&#8243; parallax_speed_bg=&#8220;3&#8243; css=&#8220;.vc_custom_1721135929841{margin-top: -100px !important;margin-bottom: 125px !important;}&#8220;][vc_column][vc_column_text css=&#8220;.vc_custom_1710424258037{padding-top: 25px !important;padding-bottom: 25px !important;}&#8220;]<\/p>\n<h1 style=\"text-align: center;\"><span style=\"color: #ffffff;\">Gesundheit<\/span><\/h1>\n<p style=\"text-align: center;\"><span style=\"font-family: 'Garamond',serif;\">Die Gesundheit einer Katze ist von entscheidender Bedeutung f\u00fcr ihr Wohlbefinden. Es gilt sicherzustellen, dass regelm\u00e4\u00dfige tier\u00e4rztliche Untersuchungen, eine ausgewogene Ern\u00e4hrung und gen\u00fcgend Bewegung gew\u00e4hrleistet sind, um sicherzustellen, dass die Katze ein langes und gesundes Leben f\u00fchren kann. Zudem ist es essenziell, auf Anzeichen von Krankheiten oder Verhaltens\u00e4nderungen zu achten, um fr\u00fchzeitig intervenieren zu k\u00f6nnen.<br \/>\n\u2794 Erfahre in diesem Blog, wie Du die Gesundheit Deiner Katze optimal sch\u00fctzen und unterst\u00fctzen kannst! <\/span><\/p>\n<p><span style=\"color: #ffffff;\">\u00a0<\/span>[\/vc_column_text][\/vc_column][\/vc_row][vc_row row_content_width=&#8220;grid&#8220;][vc_column css=&#8220;.vc_custom_1700486528035{margin-right: 25px !important;}&#8220;]<div class=\"qodef-shortcode qodef-m  qodef-blog qodef--list qodef-item-layout--standard     qodef-hover-animation--enabled qodef-category-lines-animation--enabled   qodef-grid qodef-layout--columns  qodef-gutter--normal qodef-col-num--2 qodef-item-layout--standard qodef-pagination--on qodef-pagination-type--standard qodef-responsive--predefined\" data-options=\"{&quot;plugin&quot;:&quot;zoya_core&quot;,&quot;module&quot;:&quot;blog\\\/shortcodes&quot;,&quot;shortcode&quot;:&quot;blog-list&quot;,&quot;post_type&quot;:&quot;post&quot;,&quot;next_page&quot;:&quot;2&quot;,&quot;max_pages_num&quot;:0,&quot;behavior&quot;:&quot;columns&quot;,&quot;images_proportion&quot;:&quot;custom&quot;,&quot;custom_image_width&quot;:&quot;635&quot;,&quot;custom_image_height&quot;:&quot;300&quot;,&quot;columns&quot;:&quot;2&quot;,&quot;columns_responsive&quot;:&quot;predefined&quot;,&quot;columns_1440&quot;:&quot;3&quot;,&quot;columns_1366&quot;:&quot;3&quot;,&quot;columns_1024&quot;:&quot;3&quot;,&quot;columns_768&quot;:&quot;3&quot;,&quot;columns_680&quot;:&quot;3&quot;,&quot;columns_480&quot;:&quot;3&quot;,&quot;space&quot;:&quot;normal&quot;,&quot;slider_fade_effect&quot;:&quot;no&quot;,&quot;posts_per_page&quot;:&quot;12&quot;,&quot;orderby&quot;:&quot;date&quot;,&quot;order&quot;:&quot;ASC&quot;,&quot;additional_params&quot;:&quot;tax&quot;,&quot;tax&quot;:&quot;category&quot;,&quot;tax__in&quot;:&quot;60&quot;,&quot;layout&quot;:&quot;standard&quot;,&quot;title_tag&quot;:&quot;h3&quot;,&quot;excerpt_length&quot;:&quot;200&quot;,&quot;enable_hover_animation&quot;:&quot;yes&quot;,&quot;enable_category_lines_animation&quot;:&quot;yes&quot;,&quot;enable_into_title_lines_animation&quot;:&quot;no&quot;,&quot;enable_image_appear_animation&quot;:&quot;no&quot;,&quot;pagination_type&quot;:&quot;standard&quot;,&quot;object_class_name&quot;:&quot;ZoyaCore_Blog_List_Shortcode&quot;,&quot;taxonomy_filter&quot;:&quot;category&quot;,&quot;additional_query_args&quot;:{&quot;tax_query&quot;:[{&quot;taxonomy&quot;:&quot;category&quot;,&quot;field&quot;:&quot;term_id&quot;,&quot;terms&quot;:[60]}]},&quot;space_value&quot;:15}\">\r\n\t\r\n    \r\n\t<div class=\"qodef-grid-inner clear\">\r\n\t\t<p class=\"qodef-m-posts-not-found qodef-grid-item\">No posts were found for provided query parameters.<\/p>\r\n\t<\/div>\r\n\t<\/div>\r\n[\/vc_column][\/vc_row]<\/p>\n<\/div>","protected":false},"excerpt":{"rendered":"<p>[vc_row full_width=&#8220;stretch_row&#8220; parallax=&#8220;content-moving&#8220; parallax_image=&#8220;8066&#8243; parallax_speed_bg=&#8220;3&#8243; css=&#8220;.vc_custom_1721135929841{margin-top: -100px !important;margin-bottom: 125px !important;}&#8220;][vc_column][vc_column_text css=&#8220;.vc_custom_1710424258037{padding-top: 25px !important;padding-bottom: 25px !important;}&#8220;] Gesundheit Die Gesundheit einer Katze ist von entscheidender Bedeutung f\u00fcr ihr Wohlbefinden. Es gilt sicherzustellen, dass regelm\u00e4\u00dfige tier\u00e4rztliche Untersuchungen, eine ausgewogene Ern\u00e4hrung und gen\u00fcgend Bewegung gew\u00e4hrleistet sind, um sicherzustellen, dass die Katze ein langes und gesundes Leben f\u00fchren kann. Zudem [&hellip;]<\/p>\n","protected":false},"author":1,"featured_media":0,"parent":0,"menu_order":0,"comment_status":"closed","ping_status":"closed","template":"","meta":{"footnotes":""},"class_list":["post-7005","page","type-page","status-publish","hentry"],"_links":{"self":[{"href":"https:\/\/in-love-with-cats.com\/de\/wp-json\/wp\/v2\/pages\/7005","targetHints":{"allow":["GET"]}}],"collection":[{"href":"https:\/\/in-love-with-cats.com\/de\/wp-json\/wp\/v2\/pages"}],"about":[{"href":"https:\/\/in-love-with-cats.com\/de\/wp-json\/wp\/v2\/types\/page"}],"author":[{"embeddable":true,"href":"https:\/\/in-love-with-cats.com\/de\/wp-json\/wp\/v2\/users\/1"}],"replies":[{"embeddable":true,"href":"https:\/\/in-love-with-cats.com\/de\/wp-json\/wp\/v2\/comments?post=7005"}],"version-history":[{"count":15,"href":"https:\/\/in-love-with-cats.com\/de\/wp-json\/wp\/v2\/pages\/7005\/revisions"}],"predecessor-version":[{"id":8075,"href":"https:\/\/in-love-with-cats.com\/de\/wp-json\/wp\/v2\/pages\/7005\/revisions\/8075"}],"wp:attachment":[{"href":"https:\/\/in-love-with-cats.com\/de\/wp-json\/wp\/v2\/media?parent=7005"}],"curies":[{"name":"wp","href":"https:\/\/api.w.org\/{rel}","templated":true}]}}