{"id":7009,"date":"2024-03-12T16:49:48","date_gmt":"2024-03-12T15:49:48","guid":{"rendered":"https:\/\/in-love-with-cats.com\/?page_id=7009"},"modified":"2024-03-14T14:55:41","modified_gmt":"2024-03-14T13:55:41","slug":"verhalten","status":"publish","type":"page","link":"https:\/\/in-love-with-cats.com\/de\/verhalten\/","title":{"rendered":"Verhalten"},"content":{"rendered":"<div class=\"wpb-content-wrapper\"><p>[vc_row full_width=&#8220;stretch_row&#8220; parallax=&#8220;content-moving&#8220; parallax_image=&#8220;7068&#8243; parallax_speed_bg=&#8220;3&#8243; css=&#8220;.vc_custom_1710328075201{margin-top: -100px !important;margin-bottom: 125px !important;}&#8220;][vc_column][vc_column_text css=&#8220;.vc_custom_1710424535498{padding-top: 25px !important;padding-bottom: 25px !important;}&#8220;]<\/p>\n<h1 style=\"text-align: center;\"><span style=\"color: #ffffff;\">Verhalten<\/span><\/h1>\n<p style=\"text-align: center;\"><span style=\"color: #ffffff;\">Katzen haben ihre eigenen einzigartigen Verhaltensweisen und Kommunikationsformen. Durch das Verst\u00e4ndnis der K\u00f6rpersprache und der verschiedenen Laut\u00e4u\u00dferungen der Katze k\u00f6nnen wir besser auf ihre Bed\u00fcrfnisse eingehen und eine starke Bindung aufbauen. Ebenso ist es von Bedeutung, der Katze gen\u00fcgend R\u00fcckzugsm\u00f6glichkeiten anzubieten, um ihr Sicherheit und Komfort zu gew\u00e4hren.<br \/>\nErforsche in unserem Blog, wie du die Bed\u00fcrfnisse deiner Katze besser verstehen und erf\u00fcllen kannst!<\/span><\/p>\n<p>[\/vc_column_text][\/vc_column][\/vc_row][vc_row row_content_width=&#8220;grid&#8220;][vc_column css=&#8220;.vc_custom_1700486528035{margin-right: 25px !important;}&#8220;]<div class=\"qodef-shortcode qodef-m  qodef-blog qodef--list qodef-item-layout--standard     qodef-hover-animation--enabled qodef-category-lines-animation--enabled   qodef-grid qodef-layout--columns  qodef-gutter--normal qodef-col-num--2 qodef-item-layout--standard qodef-pagination--on qodef-pagination-type--standard qodef-responsive--predefined\" data-options=\"{&quot;plugin&quot;:&quot;zoya_core&quot;,&quot;module&quot;:&quot;blog\\\/shortcodes&quot;,&quot;shortcode&quot;:&quot;blog-list&quot;,&quot;post_type&quot;:&quot;post&quot;,&quot;next_page&quot;:&quot;2&quot;,&quot;max_pages_num&quot;:0,&quot;behavior&quot;:&quot;columns&quot;,&quot;images_proportion&quot;:&quot;custom&quot;,&quot;custom_image_width&quot;:&quot;635&quot;,&quot;custom_image_height&quot;:&quot;300&quot;,&quot;columns&quot;:&quot;2&quot;,&quot;columns_responsive&quot;:&quot;predefined&quot;,&quot;columns_1440&quot;:&quot;3&quot;,&quot;columns_1366&quot;:&quot;3&quot;,&quot;columns_1024&quot;:&quot;3&quot;,&quot;columns_768&quot;:&quot;3&quot;,&quot;columns_680&quot;:&quot;3&quot;,&quot;columns_480&quot;:&quot;3&quot;,&quot;space&quot;:&quot;normal&quot;,&quot;slider_fade_effect&quot;:&quot;no&quot;,&quot;posts_per_page&quot;:&quot;12&quot;,&quot;orderby&quot;:&quot;date&quot;,&quot;order&quot;:&quot;ASC&quot;,&quot;additional_params&quot;:&quot;tax&quot;,&quot;tax&quot;:&quot;category&quot;,&quot;tax__in&quot;:&quot;61&quot;,&quot;layout&quot;:&quot;standard&quot;,&quot;title_tag&quot;:&quot;h3&quot;,&quot;excerpt_length&quot;:&quot;200&quot;,&quot;enable_hover_animation&quot;:&quot;yes&quot;,&quot;enable_category_lines_animation&quot;:&quot;yes&quot;,&quot;enable_into_title_lines_animation&quot;:&quot;no&quot;,&quot;enable_image_appear_animation&quot;:&quot;no&quot;,&quot;pagination_type&quot;:&quot;standard&quot;,&quot;object_class_name&quot;:&quot;ZoyaCore_Blog_List_Shortcode&quot;,&quot;taxonomy_filter&quot;:&quot;category&quot;,&quot;additional_query_args&quot;:{&quot;tax_query&quot;:[{&quot;taxonomy&quot;:&quot;category&quot;,&quot;field&quot;:&quot;term_id&quot;,&quot;terms&quot;:[61]}]},&quot;space_value&quot;:15}\">\r\n\t\r\n    \r\n\t<div class=\"qodef-grid-inner clear\">\r\n\t\t<p class=\"qodef-m-posts-not-found qodef-grid-item\">No posts were found for provided query parameters.<\/p>\r\n\t<\/div>\r\n\t<\/div>\r\n[\/vc_column][\/vc_row]<\/p>\n<\/div>","protected":false},"excerpt":{"rendered":"<p>[vc_row full_width=&#8220;stretch_row&#8220; parallax=&#8220;content-moving&#8220; parallax_image=&#8220;7068&#8243; parallax_speed_bg=&#8220;3&#8243; css=&#8220;.vc_custom_1710328075201{margin-top: -100px !important;margin-bottom: 125px !important;}&#8220;][vc_column][vc_column_text css=&#8220;.vc_custom_1710424535498{padding-top: 25px !important;padding-bottom: 25px !important;}&#8220;] Verhalten Katzen haben ihre eigenen einzigartigen Verhaltensweisen und Kommunikationsformen. Durch das Verst\u00e4ndnis der K\u00f6rpersprache und der verschiedenen Laut\u00e4u\u00dferungen der Katze k\u00f6nnen wir besser auf ihre Bed\u00fcrfnisse eingehen und eine starke Bindung aufbauen. Ebenso ist es von Bedeutung, der Katze gen\u00fcgend [&hellip;]<\/p>\n","protected":false},"author":1,"featured_media":0,"parent":0,"menu_order":0,"comment_status":"closed","ping_status":"closed","template":"","meta":{"footnotes":""},"class_list":["post-7009","page","type-page","status-publish","hentry"],"_links":{"self":[{"href":"https:\/\/in-love-with-cats.com\/de\/wp-json\/wp\/v2\/pages\/7009","targetHints":{"allow":["GET"]}}],"collection":[{"href":"https:\/\/in-love-with-cats.com\/de\/wp-json\/wp\/v2\/pages"}],"about":[{"href":"https:\/\/in-love-with-cats.com\/de\/wp-json\/wp\/v2\/types\/page"}],"author":[{"embeddable":true,"href":"https:\/\/in-love-with-cats.com\/de\/wp-json\/wp\/v2\/users\/1"}],"replies":[{"embeddable":true,"href":"https:\/\/in-love-with-cats.com\/de\/wp-json\/wp\/v2\/comments?post=7009"}],"version-history":[{"count":5,"href":"https:\/\/in-love-with-cats.com\/de\/wp-json\/wp\/v2\/pages\/7009\/revisions"}],"predecessor-version":[{"id":7284,"href":"https:\/\/in-love-with-cats.com\/de\/wp-json\/wp\/v2\/pages\/7009\/revisions\/7284"}],"wp:attachment":[{"href":"https:\/\/in-love-with-cats.com\/de\/wp-json\/wp\/v2\/media?parent=7009"}],"curies":[{"name":"wp","href":"https:\/\/api.w.org\/{rel}","templated":true}]}}